{"id":5,"date":"2021-05-08T13:21:04","date_gmt":"2021-05-08T13:21:04","guid":{"rendered":"https:\/\/www.uudetnettikasinot.info\/?page_id=5"},"modified":"2021-05-08T13:21:05","modified_gmt":"2021-05-08T13:21:05","slug":"5-2","status":"publish","type":"page","link":"https:\/\/www.uudetnettikasinot.info\/","title":{"rendered":"Ei otsikkoa"},"content":{"rendered":"\n<p>Suomalaiset ovat tunnetusti rahapelej\u00e4 rakastavaa kansaa. Vaikka valtion omistama Veikkaus sek\u00e4 siihen hiljattain yhdistynyt RAY on jo pitk\u00e4\u00e4n nauttinut monopoliasemasta n\u00e4ill\u00e4 markkinoilla, tarjonnan kirjo<br>on etenkin internetin my\u00f6t\u00e4 kasvanut r\u00e4j\u00e4hdysm\u00e4isesti. Suomen markkinoilla toimiminen on peliyhti\u00f6ille suhteellisen helppoa, sill\u00e4 Suomessa kulttuuri ja tavat ovat rahapelaamisen osalta jo valmiina. Vanha kunnon Lotto, urheiluvedonly\u00f6nnit sek\u00e4 raaputusarvat,<br>kuten my\u00f6s monet perinteiset markettien hedelm\u00e4pelit ovat saaneetkin seuraksi suomalaisten pelitottumukset huomioivia nettikasinoita. My\u00f6s Veikkaus panostaa yh\u00e4 edelleen nk. \u201dnetticasino suomi\u201d-rahapeleihin, joka n\u00e4kyy niin uusien kansainv\u00e4listen kivijalkakasinoiden rakentamisena kuin uudenlaisina viihdekonsepteinakin. T\u00e4ss\u00e4 saat katsauksen suomalaiseen kasinopelimaailmaan.<br><\/p>\n\n\n\n<h2 class=\"wp-block-heading\">Veikkauksen pelimaailmat<br><\/h2>\n\n\n\n<p>Veikkauksen Pelaamo on tuttu n\u00e4ky monessa kauppakeskuksessa. Pelaamoita l\u00f6yt\u00e4\u00e4 erityisesti kauppakeskusten ja taajamien yhteydess\u00e4 yleens\u00e4 hyvin n\u00e4kyvilt\u00e4 ja vilkkailta paikoilta. Pelaamoissa voi pelata esimerkiksi hedelm\u00e4pelej\u00e4 sek\u00e4 perinteisi\u00e4 lotto-, toto- ja vedonly\u00f6ntipelej\u00e4. My\u00f6s Feel Vegas on Veikkauksen rahapeleihin keskittyv\u00e4 palvelukonsepti. Kyseess\u00e4 on Pelaamon tavoin<br>peliautomaatteihin keskittyv\u00e4 viihdekeskus, joka kuitenkin on ottanut toimintaansa mukaan my\u00f6s ravintolapalvelut. Veikkaus haluaa t\u00e4ll\u00e4 konseptillaan tarjota suomalaisille uudenaikaisen tavan viett\u00e4\u00e4<br>vapaa-aikaan peliviihteen parissa. Feel Vegas -peliviihdemaailmoja l\u00f6ytyy t\u00e4ll\u00e4 hetkell\u00e4 Suomen suurimpien kaupunkien ja kauppakeskusten yhteydest\u00e4, kuten Turusta, Helsingist\u00e4, Jyv\u00e4skyl\u00e4st\u00e4, Kuopiosta, Tampereelta ja Rovaniemelt\u00e4.<br>Helsingiss\u00e4 kansainv\u00e4lisen tason kasino Suomen suurin kansainv\u00e4lisen tason kivijalkakasino l\u00f6ytyy t\u00e4ll\u00e4 hetkell\u00e4 Helsingist\u00e4. Ydinkeskustasta, Mikonkadulta l\u00f6ytyv\u00e4 Grand Casino Helsinki on my\u00f6s kansainv\u00e4lisess\u00e4 mittapuussa mittavan kokoinen.<br>Sielt\u00e4 l\u00f6ytyy noin 300 peliautomaatteja sek\u00e4 kymmeni\u00e4 perinteisempi\u00e4 p\u00f6yt\u00e4pelej\u00e4, kuten ruletti, pokeri,<br>Blackjack, Dynamic Poker Pro ja Punto Banco. Eli kivijalkakasinot eroavat pienemmist\u00e4 Pelaamoista ja Feel Vegas -konsepteista siin\u00e4, ett\u00e4 ne tarjoavat asiakkailleen my\u00f6s perinteisempi\u00e4 p\u00f6yt\u00e4pelej\u00e4.<br>Suomikasinot ovat my\u00f6s hyvi\u00e4 ty\u00f6llist\u00e4ji\u00e4. Esimerkiksi Grand Casinossa ty\u00f6skentelee l\u00e4hes 200 henkil\u00f6\u00e4.<br><\/p>\n\n\n\n<h3 class=\"wp-block-heading\">Toinen suuri kasino Tampereelle<br><\/h3>\n\n\n\n<p>T\u00e4ll\u00e4 hetkell\u00e4 Helsingin kasino on Suomen ainoa kansainv\u00e4lisen tason kasino. Tilanne tulee kuitenkin muuttumaan vuoden 2020 j\u00e4lkeen, jolloin toinen vastaavan luokan kasino valmistuu H\u00e4meeseen<br>Tampereelle. T\u00e4ll\u00f6in rahapelien yst\u00e4v\u00e4t p\u00e4\u00e4sev\u00e4t kokemaan kansainv\u00e4lisen tason peliel\u00e4myksi\u00e4 t\u00e4ysin uudessa ja modernissa el\u00e4myskeskuksessa, Kansi Areenassa. Kansi Areenassa tulee olemaan kasinotoiminnan lis\u00e4ksi eritt\u00e4in monipuoliset viihde- ja el\u00e4myspalvelut.<br>Alueelle rakennetaan muun muassa j\u00e4\u00e4halli. Lis\u00e4ksi kyseess\u00e4 on Suomen ensimm\u00e4inen viihdekeskus, jossa sek\u00e4 kasino ett\u00e4 hotelli l\u00f6ytyy saman katon alta. Eli turistit voivat jatkossa yhdist\u00e4\u00e4 rentouttavan hotelliloman sek\u00e4 pelien lomassa j\u00e4nnitt\u00e4misen. T\u00e4m\u00e4 valtava viihdekeskus tulee varmasti viel\u00e4 entisest\u00e4\u00e4nkin lis\u00e4\u00e4m\u00e4\u00e4n Tampereen matkailullista houkuttavuutta. Viihdekeskuksen lis\u00e4ksi<br>matkailijoiden ulottuvilla on Tampereen monipuoliset kulttuuri- ja viihdepalvelut, kuten suosittu S\u00e4rk\u00e4nniemen huvipuisto sek\u00e4 teatteriel\u00e4mykset. Kaikki kivijalkaliikkeiss\u00e4 toimivat Suomen kasinot ja pelimaailmat omistaa valtion monopoliyhti\u00f6 Veikkaus, joka jakaa kaiken liikevoitostaan hyv\u00e4ntekev\u00e4isyyteen. N\u00e4in voit saada rahapelaamisesta hyv\u00e4n mielen, vaikket voittaisikaan itse mit\u00e4\u00e4n.<br>Perinteik\u00e4s ahvenanmaalainen Paf<\/p>\n\n\n\n<p>Erinomainen esimerkki laadukkaasti toimivasta Suomen ulkopuolella toimivasta, mutta suomalaisille palveluitaan tarjoavasta kasinopeliyhti\u00f6st\u00e4 on Ahvenanmaalla kotipaikkaansa pit\u00e4v\u00e4 Paf. Yrityksen juuret ulottuvat kauas vuoteen 1967, jolloin se k\u00e4ynnisti toimintansa yhdess\u00e4 muutamien hyv\u00e4ntekev\u00e4isyysj\u00e4rjest\u00f6jen kanssa. Yhten\u00e4 Suomen maakunnasta Pafilla on poikkeuksellinen, Suomen<br>lakiin kirjattu oikeus j\u00e4rjest\u00e4\u00e4 uhkapelitoimintaa Suomen valtion sis\u00e4ll\u00e4. Vuodesta 1999 yritys on toiminut my\u00f6s online-kasinona. Kuten Veikkaus, my\u00f6s Paf luovuttaa kaiken ylij\u00e4\u00e4m\u00e4ns\u00e4 yleishy\u00f6dyllisille yhdistyksille sek\u00e4 hyv\u00e4ntekev\u00e4isyyteen.<br><\/p>\n\n\n\n<h2 class=\"wp-block-heading\">Suomalaiset nettikasinot<\/h2>\n\n\n\n<p><br>Internet on tuonut aivan uudet mahdollisuudet my\u00f6s kasinopelaamiseen. My\u00f6sk\u00e4\u00e4n suomalaiset pelaajat eiv\u00e4t en\u00e4\u00e4 ole t\u00e4n\u00e4 p\u00e4iv\u00e4n\u00e4 riippuvaisia ainoastaan kivijalkakasinoista, vaan l\u00e4hes lukematon m\u00e4\u00e4r\u00e4 pelej\u00e4 l\u00f6ytyy nettikasinoiden sivuilta. Online-pelien my\u00f6t\u00e4 suomalaiset eiv\u00e4t en\u00e4\u00e4 ole my\u00f6sk\u00e4\u00e4n riippuvaisia<br>ainoastaan Veikkauksen tai Pafin tarjonnasta, vaan markkinoille on tullut monia suomalaisten pelimaut ja tottumukset tuntevia yrityksi\u00e4, joiden toimistot sijaitsevat Suomen rajojen ulkopuolella. Esimerkiksi<br>verovapaalla Maltan saarella toimii monta kasinopeliyhti\u00f6t\u00e4, jotka noudattavat EU:n tiukkoja s\u00e4\u00e4d\u00f6ksi\u00e4. Verovapaus mahdollistaa pelaajille voittojen kotiutuksen puhtaana k\u00e4teen, jonka vuoksi online-<br>pelaamisesta on tullut selke\u00e4 vaihtoehto monille. Uusia nettikasinoita ilmestyy l\u00e4hes koko ajan markkinoille eik\u00e4 t\u00e4ss\u00e4 ole ainakaan viel\u00e4 n\u00e4kyviss\u00e4 kyll\u00e4stymisen merkkej\u00e4. Tavalliselle pelaajalle voi osoittautua vaikeaksi valita se paras kasino t\u00e4st\u00e4 kirjosta. Turvallisuus on suurin kriteeri nettikasinoa valitessa. Siksi kannattaa ensimm\u00e4isen\u00e4 tarkistaa, ett\u00e4 kasinolla on jonkin peliviranomaisen, kuten Maltan viranomaisen MGA-lisenssi k\u00e4yt\u00f6ss\u00e4\u00e4n. Se on tae sille, ett\u00e4 kasino toimii EU-s\u00e4\u00e4d\u00f6sten mukaisesti. Yleens\u00e4 nettikasinoiden turvallisuus on hyv\u00e4ll\u00e4 tasolla ja esimerkiksi kaikki maksut ja voittojen kotiutukset kulkevat suojattujen yhteyksien kautta.<\/p>\n","protected":false},"excerpt":{"rendered":"<p>Suomalaiset ovat tunnetusti rahapelej\u00e4 rakastavaa kansaa. Vaikka valtion omistama Veikkaus sek\u00e4 siihen hiljattain yhdistynyt RAY on jo pitk\u00e4\u00e4n nauttinut monopoliasemasta n\u00e4ill\u00e4 markkinoilla, tarjonnan kirjoon etenkin internetin my\u00f6t\u00e4 kasvanut r\u00e4j\u00e4hdysm\u00e4isesti. Suomen markkinoilla toimiminen on peliyhti\u00f6ille suhteellisen helppoa, sill\u00e4 Suomessa kulttuuri ja tavat ovat rahapelaamisen osalta jo valmiina. Vanha kunnon Lotto, urheiluvedonly\u00f6nnit sek\u00e4 raaputusarvat,kuten my\u00f6s monet perinteiset&hellip; <a class=\"more-link\" href=\"https:\/\/www.uudetnettikasinot.info\/\">Jatka lukemista <span class=\"screen-reader-text\">Ei otsikkoa<\/span><\/a><\/p>\n","protected":false},"author":1,"featured_media":0,"parent":0,"menu_order":0,"comment_status":"closed","ping_status":"closed","template":"","meta":{"footnotes":""},"class_list":["post-5","page","type-page","status-publish","hentry","entry"],"yoast_head":"<!-- This site is optimized with the Yoast SEO plugin v16.2 - https:\/\/yoast.com\/wordpress\/plugins\/seo\/ -->\n<title>- Uudet nettikasinot<\/title>\n<meta name=\"robots\" content=\"index, follow, max-snippet:-1, max-image-preview:large, max-video-preview:-1\" \/>\n<link rel=\"canonical\" href=\"https:\/\/www.uudetnettikasinot.info\/\" \/>\n<meta property=\"og:locale\" content=\"fi_FI\" \/>\n<meta property=\"og:type\" content=\"article\" \/>\n<meta property=\"og:title\" content=\"- Uudet nettikasinot\" \/>\n<meta property=\"og:description\" content=\"Suomalaiset ovat tunnetusti rahapelej\u00e4 rakastavaa kansaa. Vaikka valtion omistama Veikkaus sek\u00e4 siihen hiljattain yhdistynyt RAY on jo pitk\u00e4\u00e4n nauttinut monopoliasemasta n\u00e4ill\u00e4 markkinoilla, tarjonnan kirjoon etenkin internetin my\u00f6t\u00e4 kasvanut r\u00e4j\u00e4hdysm\u00e4isesti. Suomen markkinoilla toimiminen on peliyhti\u00f6ille suhteellisen helppoa, sill\u00e4 Suomessa kulttuuri ja tavat ovat rahapelaamisen osalta jo valmiina. Vanha kunnon Lotto, urheiluvedonly\u00f6nnit sek\u00e4 raaputusarvat,kuten my\u00f6s monet perinteiset&hellip; Jatka lukemista Ei otsikkoa\" \/>\n<meta property=\"og:url\" content=\"https:\/\/www.uudetnettikasinot.info\/\" \/>\n<meta property=\"og:site_name\" content=\"Uudet nettikasinot\" \/>\n<meta property=\"article:modified_time\" content=\"2021-05-08T13:21:05+00:00\" \/>\n<meta name=\"twitter:card\" content=\"summary_large_image\" \/>\n<meta name=\"twitter:label1\" content=\"Arvioitu lukuaika\">\n\t<meta name=\"twitter:data1\" content=\"3 minuuttia\">\n<script type=\"application\/ld+json\" class=\"yoast-schema-graph\">{\"@context\":\"https:\/\/schema.org\",\"@graph\":[{\"@type\":\"WebSite\",\"@id\":\"https:\/\/www.uudetnettikasinot.info\/#website\",\"url\":\"https:\/\/www.uudetnettikasinot.info\/\",\"name\":\"Uudet nettikasinot\",\"description\":\"uudet kasinot\",\"potentialAction\":[{\"@type\":\"SearchAction\",\"target\":\"https:\/\/www.uudetnettikasinot.info\/?s={search_term_string}\",\"query-input\":\"required name=search_term_string\"}],\"inLanguage\":\"fi\"},{\"@type\":\"WebPage\",\"@id\":\"https:\/\/www.uudetnettikasinot.info\/#webpage\",\"url\":\"https:\/\/www.uudetnettikasinot.info\/\",\"name\":\"- Uudet nettikasinot\",\"isPartOf\":{\"@id\":\"https:\/\/www.uudetnettikasinot.info\/#website\"},\"datePublished\":\"2021-05-08T13:21:04+00:00\",\"dateModified\":\"2021-05-08T13:21:05+00:00\",\"breadcrumb\":{\"@id\":\"https:\/\/www.uudetnettikasinot.info\/#breadcrumb\"},\"inLanguage\":\"fi\",\"potentialAction\":[{\"@type\":\"ReadAction\",\"target\":[\"https:\/\/www.uudetnettikasinot.info\/\"]}]},{\"@type\":\"BreadcrumbList\",\"@id\":\"https:\/\/www.uudetnettikasinot.info\/#breadcrumb\",\"itemListElement\":[{\"@type\":\"ListItem\",\"position\":1,\"item\":{\"@type\":\"WebPage\",\"@id\":\"https:\/\/www.uudetnettikasinot.info\/\",\"url\":\"https:\/\/www.uudetnettikasinot.info\/\",\"name\":\"Home\"}},{\"@type\":\"ListItem\",\"position\":2,\"item\":{\"@id\":\"https:\/\/www.uudetnettikasinot.info\/#webpage\"}}]}]}<\/script>\n<!-- \/ Yoast SEO plugin. -->","_links":{"self":[{"href":"https:\/\/www.uudetnettikasinot.info\/index.php?rest_route=\/wp\/v2\/pages\/5","targetHints":{"allow":["GET"]}}],"collection":[{"href":"https:\/\/www.uudetnettikasinot.info\/index.php?rest_route=\/wp\/v2\/pages"}],"about":[{"href":"https:\/\/www.uudetnettikasinot.info\/index.php?rest_route=\/wp\/v2\/types\/page"}],"author":[{"embeddable":true,"href":"https:\/\/www.uudetnettikasinot.info\/index.php?rest_route=\/wp\/v2\/users\/1"}],"replies":[{"embeddable":true,"href":"https:\/\/www.uudetnettikasinot.info\/index.php?rest_route=%2Fwp%2Fv2%2Fcomments&post=5"}],"version-history":[{"count":1,"href":"https:\/\/www.uudetnettikasinot.info\/index.php?rest_route=\/wp\/v2\/pages\/5\/revisions"}],"predecessor-version":[{"id":6,"href":"https:\/\/www.uudetnettikasinot.info\/index.php?rest_route=\/wp\/v2\/pages\/5\/revisions\/6"}],"wp:attachment":[{"href":"https:\/\/www.uudetnettikasinot.info\/index.php?rest_route=%2Fwp%2Fv2%2Fmedia&parent=5"}],"curies":[{"name":"wp","href":"https:\/\/api.w.org\/{rel}","templated":true}]}}